{"id":137,"date":"2013-10-29T18:37:23","date_gmt":"2013-10-29T17:37:23","guid":{"rendered":"http:\/\/stiggi.de\/nfk\/?page_id=137"},"modified":"2014-11-08T16:33:38","modified_gmt":"2014-11-08T15:33:38","slug":"startseite","status":"publish","type":"page","link":"https:\/\/www.naturfreunde-kornwestheim.de\/nf\/","title":{"rendered":"Startseite"},"content":{"rendered":"<h2><strong><em>Willkommen bei uns <span style=\"color: #008000;\">Natur<\/span><span style=\"color: #ff0000;\">Freunden <\/span><\/em><\/strong><strong><em>der Ortsgruppe Kornwestheim<\/em><\/strong><\/h2>\n<p>\u201eWenn wir unsere Erde mit offenen Augen betrachten: Welch ein herrlicher Planet mit seinen Tieren, Pflanzen, Bergen, Seen, Meeren\u2026 Fast alles, was uns betr\u00fcbt, kommt nicht von der Erde, sondern von den Menschen. In der Natur k\u00f6nnen wir \u2013 und unser Herz und die Seele &#8211; frei aufatmen. Geht mehr in die Natur, lernt sie lieben! Dann hat Betr\u00fcbnis nur noch wenig Platz in Euren Herzen.\u201c<br \/>\n\u00a9 Werner Braun (1951 &#8211; 2006), deutscher Aphoristiker<\/p>\n<p>Zentrales Anliegen unserer Bewegung ist &#8211; wie auch in unserer Satzung festgeschrieben &#8211; den Menschen sozial und \u00f6kologisch verantwortlichen Zugang zu Natur und Kultur zu erschlie\u00dfen.<\/p>\n<p>Die Natur als unser Lebensraum ist ein Ort f\u00fcrErholung und Bewegung, zum Erleben und Forschen; sie ist ein sch\u00fctzenswertes Gut. Die NaturFreunde sind aktiv in der Natur und f\u00fcr die Natur!<\/p>\n<p align=\"left\"><strong><em>Interessenten f\u00fcr unsere Veranstaltungen und Aktivit\u00e4ten sind jederzeit willkommen.<\/em><\/strong><\/p>\n<p>&nbsp;<\/p>\n","protected":false},"excerpt":{"rendered":"<p>Willkommen bei uns NaturFreunden der Ortsgruppe Kornwestheim \u201eWenn wir unsere Erde mit offenen Augen betrachten: Welch ein herrlicher Planet mit seinen Tieren, Pflanzen, Bergen, Seen, Meeren\u2026 Fast alles, was uns betr\u00fcbt, kommt nicht von der Erde, sondern von den Menschen. &hellip; <a href=\"https:\/\/www.naturfreunde-kornwestheim.de\/nf\/\">Weiterlesen <span class=\"meta-nav\">&rarr;<\/span><\/a><\/p>\n","protected":false},"author":4,"featured_media":0,"parent":0,"menu_order":0,"comment_status":"closed","ping_status":"closed","template":"","meta":{"ngg_post_thumbnail":0,"footnotes":""},"class_list":["post-137","page","type-page","status-publish","hentry"],"_links":{"self":[{"href":"https:\/\/www.naturfreunde-kornwestheim.de\/nf\/wp-json\/wp\/v2\/pages\/137","targetHints":{"allow":["GET"]}}],"collection":[{"href":"https:\/\/www.naturfreunde-kornwestheim.de\/nf\/wp-json\/wp\/v2\/pages"}],"about":[{"href":"https:\/\/www.naturfreunde-kornwestheim.de\/nf\/wp-json\/wp\/v2\/types\/page"}],"author":[{"embeddable":true,"href":"https:\/\/www.naturfreunde-kornwestheim.de\/nf\/wp-json\/wp\/v2\/users\/4"}],"replies":[{"embeddable":true,"href":"https:\/\/www.naturfreunde-kornwestheim.de\/nf\/wp-json\/wp\/v2\/comments?post=137"}],"version-history":[{"count":8,"href":"https:\/\/www.naturfreunde-kornwestheim.de\/nf\/wp-json\/wp\/v2\/pages\/137\/revisions"}],"predecessor-version":[{"id":3825,"href":"https:\/\/www.naturfreunde-kornwestheim.de\/nf\/wp-json\/wp\/v2\/pages\/137\/revisions\/3825"}],"wp:attachment":[{"href":"https:\/\/www.naturfreunde-kornwestheim.de\/nf\/wp-json\/wp\/v2\/media?parent=137"}],"curies":[{"name":"wp","href":"https:\/\/api.w.org\/{rel}","templated":true}]}}