{"id":196,"date":"2013-12-15T08:57:06","date_gmt":"2013-12-15T07:57:06","guid":{"rendered":"http:\/\/stiggi.de\/nfk\/?page_id=196"},"modified":"2014-11-09T00:18:02","modified_gmt":"2014-11-08T23:18:02","slug":"2014-2","status":"publish","type":"page","link":"https:\/\/www.naturfreunde-kornwestheim.de\/nf\/uber-den-verein\/jahresprogramm\/2014-2\/","title":{"rendered":"2014"},"content":{"rendered":"<p>Unter folgendem Link finden Sie das<\/p>\n<h2><strong><a href=\"https:\/\/www.naturfreunde-kornwestheim.de\/nf\/wp-content\/uploads\/2013\/12\/Jahresprogramm-2014.pdf\">Jahresprogramm 2014<\/a><\/strong><\/h2>\n<p>Zum \u00d6ffnen des Jahresprogramms ben\u00f6tigen Sie den Adobe Reader, den Sie hier kostenlos herunterladen k\u00f6nnen:<br \/>\n<a href=\"http:\/\/www.adobe.com\/de\/products\/acrobat\/readstep2.html\" target=\"_blank\"><img loading=\"lazy\" decoding=\"async\" class=\"aligncenter\" src=\"http:\/\/www.naturfreunde-kornwestheim.de\/grafiken\/get_adobe_reader.gif\" alt=\"Adobe Reader\" width=\"112\" height=\"33\" border=\"0\" \/><\/a><\/p>\n","protected":false},"excerpt":{"rendered":"<p>Unter folgendem Link finden Sie das Jahresprogramm 2014 Zum \u00d6ffnen des Jahresprogramms ben\u00f6tigen Sie den Adobe Reader, den Sie hier kostenlos herunterladen k\u00f6nnen:<\/p>\n","protected":false},"author":4,"featured_media":0,"parent":8,"menu_order":0,"comment_status":"closed","ping_status":"closed","template":"","meta":{"ngg_post_thumbnail":0,"footnotes":""},"class_list":["post-196","page","type-page","status-publish","hentry"],"_links":{"self":[{"href":"https:\/\/www.naturfreunde-kornwestheim.de\/nf\/wp-json\/wp\/v2\/pages\/196","targetHints":{"allow":["GET"]}}],"collection":[{"href":"https:\/\/www.naturfreunde-kornwestheim.de\/nf\/wp-json\/wp\/v2\/pages"}],"about":[{"href":"https:\/\/www.naturfreunde-kornwestheim.de\/nf\/wp-json\/wp\/v2\/types\/page"}],"author":[{"embeddable":true,"href":"https:\/\/www.naturfreunde-kornwestheim.de\/nf\/wp-json\/wp\/v2\/users\/4"}],"replies":[{"embeddable":true,"href":"https:\/\/www.naturfreunde-kornwestheim.de\/nf\/wp-json\/wp\/v2\/comments?post=196"}],"version-history":[{"count":1,"href":"https:\/\/www.naturfreunde-kornwestheim.de\/nf\/wp-json\/wp\/v2\/pages\/196\/revisions"}],"predecessor-version":[{"id":197,"href":"https:\/\/www.naturfreunde-kornwestheim.de\/nf\/wp-json\/wp\/v2\/pages\/196\/revisions\/197"}],"up":[{"embeddable":true,"href":"https:\/\/www.naturfreunde-kornwestheim.de\/nf\/wp-json\/wp\/v2\/pages\/8"}],"wp:attachment":[{"href":"https:\/\/www.naturfreunde-kornwestheim.de\/nf\/wp-json\/wp\/v2\/media?parent=196"}],"curies":[{"name":"wp","href":"https:\/\/api.w.org\/{rel}","templated":true}]}}