{"id":4,"date":"2013-03-06T22:12:53","date_gmt":"2013-03-06T20:12:53","guid":{"rendered":"http:\/\/stiggi.de\/nfk\/?page_id=4"},"modified":"2014-10-25T14:27:54","modified_gmt":"2014-10-25T13:27:54","slug":"uber-den-verein","status":"publish","type":"page","link":"https:\/\/www.naturfreunde-kornwestheim.de\/nf\/uber-den-verein\/","title":{"rendered":"\u00fcber den Verein"},"content":{"rendered":"<p>Die Ortsgruppe Kornwestheim wurde Anfang des Jahres 1911 als zweite Gruppe in W\u00fcrttemberg gegr\u00fcndet.<\/p>\n<p>Die NaturFreunde blicken zur\u00fcck auf eine \u00fcber 100-j\u00e4hrige spannende Geschichte.<br \/>\nVor allem aber blicken wir nach vorn und leben f\u00fcr eine gerechte und gesunde Zukunft.<br \/>\nLust auf Natur bieten wir deutschlandweit und international. Das hei\u00dft f\u00fcr uns, gemeinsam auf Tour gehen und f\u00fcr eine gesunde Zukunft streiten.<\/p>\n<p>Wer sich f\u00fcr uns entscheidet, ist dar\u00fcber hinaus bei allen Aktivit\u00e4ten versichert. Verg\u00fcnstigte Reisepreise und \u00dcbernachtungen in den Naturfreundeh\u00e4usern geh\u00f6ren ebenfalls dazu.<\/p>\n<p>Die Ortsgruppe genie\u00dft einen Teil ihrer Freizeit bei gemeinsamen Wanderungen und veranstaltet kulturelle Ausfl\u00fcge.<\/p>\n<p>Des weiteren organisiert der Verein Vortr\u00e4ge, Photo- und Filmabende, welche von Mitgliedern und verschiedenen Referenten vorgetragen werden.<\/p>\n<p>Diese monatlichen Versammlungen finden jeden 2. Donnerstag im Monat im Haus der Musik am Marktplatz statt.<\/p>\n<p>Haben Sie Interesse an unseren Veranstaltungen, k\u00f6nnen Sie sich gerne\u00a0an unsere <a title=\"Kontakt\" href=\"https:\/\/www.naturfreunde-kornwestheim.de\/nf\/kontakt\/\">Kontaktadressen<\/a> wenden.<\/p>\n","protected":false},"excerpt":{"rendered":"<p>Die Ortsgruppe Kornwestheim wurde Anfang des Jahres 1911 als zweite Gruppe in W\u00fcrttemberg gegr\u00fcndet. Die NaturFreunde blicken zur\u00fcck auf eine \u00fcber 100-j\u00e4hrige spannende Geschichte. Vor allem aber blicken wir nach vorn und leben f\u00fcr eine gerechte und gesunde Zukunft. Lust &hellip; <a href=\"https:\/\/www.naturfreunde-kornwestheim.de\/nf\/uber-den-verein\/\">Weiterlesen <span class=\"meta-nav\">&rarr;<\/span><\/a><\/p>\n","protected":false},"author":4,"featured_media":0,"parent":0,"menu_order":10,"comment_status":"closed","ping_status":"closed","template":"","meta":{"ngg_post_thumbnail":0,"footnotes":""},"class_list":["post-4","page","type-page","status-publish","hentry"],"_links":{"self":[{"href":"https:\/\/www.naturfreunde-kornwestheim.de\/nf\/wp-json\/wp\/v2\/pages\/4","targetHints":{"allow":["GET"]}}],"collection":[{"href":"https:\/\/www.naturfreunde-kornwestheim.de\/nf\/wp-json\/wp\/v2\/pages"}],"about":[{"href":"https:\/\/www.naturfreunde-kornwestheim.de\/nf\/wp-json\/wp\/v2\/types\/page"}],"author":[{"embeddable":true,"href":"https:\/\/www.naturfreunde-kornwestheim.de\/nf\/wp-json\/wp\/v2\/users\/4"}],"replies":[{"embeddable":true,"href":"https:\/\/www.naturfreunde-kornwestheim.de\/nf\/wp-json\/wp\/v2\/comments?post=4"}],"version-history":[{"count":15,"href":"https:\/\/www.naturfreunde-kornwestheim.de\/nf\/wp-json\/wp\/v2\/pages\/4\/revisions"}],"predecessor-version":[{"id":152,"href":"https:\/\/www.naturfreunde-kornwestheim.de\/nf\/wp-json\/wp\/v2\/pages\/4\/revisions\/152"}],"wp:attachment":[{"href":"https:\/\/www.naturfreunde-kornwestheim.de\/nf\/wp-json\/wp\/v2\/media?parent=4"}],"curies":[{"name":"wp","href":"https:\/\/api.w.org\/{rel}","templated":true}]}}