{"id":952,"date":"2014-12-11T16:52:39","date_gmt":"2014-12-11T15:52:39","guid":{"rendered":"http:\/\/www.naturfreunde-kornwestheim.de\/nf\/?page_id=952"},"modified":"2014-12-18T19:52:06","modified_gmt":"2014-12-18T18:52:06","slug":"2015-3","status":"publish","type":"page","link":"https:\/\/www.naturfreunde-kornwestheim.de\/nf\/uber-den-verein\/jahresprogramm\/2015-3\/","title":{"rendered":"2015"},"content":{"rendered":"<p><a href=\"https:\/\/www.naturfreunde-kornwestheim.de\/nf\/wp-content\/uploads\/2014\/12\/Programm-20151.pdf\"><strong>Jahresprogramm<\/strong> <strong>2015<\/strong><\/a><\/p>\n<p>Zum \u00d6ffnen des Jahresprogramms ben\u00f6tigen Sie den Adobe Reader, den Sie hier kostenlos herunterladen k\u00f6nnen:<br \/>\n<a href=\"http:\/\/www.adobe.com\/de\/products\/acrobat\/readstep2.html\" target=\"_blank\"><img loading=\"lazy\" decoding=\"async\" class=\"aligncenter\" src=\"http:\/\/www.naturfreunde-kornwestheim.de\/grafiken\/get_adobe_reader.gif\" alt=\"Adobe Reader\" width=\"112\" height=\"33\" border=\"0\" \/><\/a><\/p>\n","protected":false},"excerpt":{"rendered":"<p>Jahresprogramm 2015 Zum \u00d6ffnen des Jahresprogramms ben\u00f6tigen Sie den Adobe Reader, den Sie hier kostenlos herunterladen k\u00f6nnen:<\/p>\n","protected":false},"author":2,"featured_media":0,"parent":8,"menu_order":3,"comment_status":"closed","ping_status":"closed","template":"","meta":{"ngg_post_thumbnail":0,"footnotes":""},"class_list":["post-952","page","type-page","status-publish","hentry"],"_links":{"self":[{"href":"https:\/\/www.naturfreunde-kornwestheim.de\/nf\/wp-json\/wp\/v2\/pages\/952","targetHints":{"allow":["GET"]}}],"collection":[{"href":"https:\/\/www.naturfreunde-kornwestheim.de\/nf\/wp-json\/wp\/v2\/pages"}],"about":[{"href":"https:\/\/www.naturfreunde-kornwestheim.de\/nf\/wp-json\/wp\/v2\/types\/page"}],"author":[{"embeddable":true,"href":"https:\/\/www.naturfreunde-kornwestheim.de\/nf\/wp-json\/wp\/v2\/users\/2"}],"replies":[{"embeddable":true,"href":"https:\/\/www.naturfreunde-kornwestheim.de\/nf\/wp-json\/wp\/v2\/comments?post=952"}],"version-history":[{"count":8,"href":"https:\/\/www.naturfreunde-kornwestheim.de\/nf\/wp-json\/wp\/v2\/pages\/952\/revisions"}],"predecessor-version":[{"id":968,"href":"https:\/\/www.naturfreunde-kornwestheim.de\/nf\/wp-json\/wp\/v2\/pages\/952\/revisions\/968"}],"up":[{"embeddable":true,"href":"https:\/\/www.naturfreunde-kornwestheim.de\/nf\/wp-json\/wp\/v2\/pages\/8"}],"wp:attachment":[{"href":"https:\/\/www.naturfreunde-kornwestheim.de\/nf\/wp-json\/wp\/v2\/media?parent=952"}],"curies":[{"name":"wp","href":"https:\/\/api.w.org\/{rel}","templated":true}]}}